{"id":11,"date":"2017-12-20T21:22:14","date_gmt":"2017-12-20T21:22:14","guid":{"rendered":"http:\/\/planerydzienne.pl\/?page_id=11"},"modified":"2022-02-19T20:00:17","modified_gmt":"2022-02-19T20:00:17","slug":"strona-glowna","status":"publish","type":"page","link":"https:\/\/planerydzienne.pl\/","title":{"rendered":"Nowy Planer dzienny B5"},"content":{"rendered":"\n<div class=\"wp-block-columns has-3-columns is-layout-flex wp-container-core-columns-layout-1 wp-block-columns-is-layout-flex\">\n<div class=\"wp-block-column is-layout-flow wp-block-column-is-layout-flow\">\n<p class=\"has-text-align-right\"><strong>Zapomnia\u0142e\u015b\/a\u015b o wa\u017cnym spotkaniu?<\/strong><\/p>\n\n\n\n<p class=\"has-text-align-right\"><strong>A mo\u017ce o wizycie u lekarza?<\/strong><\/p>\n\n\n\n<p class=\"has-text-align-right\"><strong>Albo masz mas\u0119 karteczek, notatek <\/strong><br><strong>czy zapisk\u00f3w, <\/strong> <strong>i wsz\u0119dzie ich pe\u0142no?<\/strong><\/p>\n\n\n\n<p class=\"has-text-align-right\">To ju\u017c nie wa\u017cne. Przed Tob\u0105 Planery dzienne i tygodniowe, w zale\u017cno\u015bci od potrzeb. Dzi\u0119ki nim uporz\u0105dkujesz swoje \u017cycie a co za tym idzie, zapanujesz nad czasem, kt\u00f3ry wykorzystasz w bardziej efektywny spos\u00f3b.<\/p>\n<\/div>\n\n\n\n<div class=\"wp-block-column is-layout-flow wp-block-column-is-layout-flow\">\n<figure class=\"wp-block-image\"><a href=\"https:\/\/planerydzienne.pl\/wp-content\/uploads\/2019\/03\/rozowy-Kopia-maly.jpg\"><img loading=\"lazy\" decoding=\"async\" width=\"1024\" height=\"683\" src=\"https:\/\/planerydzienne.pl\/wp-content\/uploads\/2019\/03\/rozowy-Kopia-maly-1024x683.jpg\" alt=\"\" class=\"wp-image-1188\" srcset=\"https:\/\/planerydzienne.pl\/wp-content\/uploads\/2019\/03\/rozowy-Kopia-maly-1024x683.jpg 1024w, https:\/\/planerydzienne.pl\/wp-content\/uploads\/2019\/03\/rozowy-Kopia-maly-300x200.jpg 300w, https:\/\/planerydzienne.pl\/wp-content\/uploads\/2019\/03\/rozowy-Kopia-maly-768x512.jpg 768w, https:\/\/planerydzienne.pl\/wp-content\/uploads\/2019\/03\/rozowy-Kopia-maly-600x400.jpg 600w, https:\/\/planerydzienne.pl\/wp-content\/uploads\/2019\/03\/rozowy-Kopia-maly.jpg 1200w\" sizes=\"(max-width: 1024px) 100vw, 1024px\" \/><\/a><\/figure>\n\n\n\n<p><\/p>\n<\/div>\n\n\n\n<div class=\"wp-block-column is-layout-flow wp-block-column-is-layout-flow\">\n<p> A mo\u017ce uwielbiasz notowa\u0107 i dok\u0142adnie planowa\u0107 sw\u00f3j czas, godzina po godzinie, dzie\u0144 po dniu?<br> Nasz Planner Ci to umo\u017cliwi. U\u0142atwianie \u017cycia to nasza specjalno\u015b\u0107. Planer dzienny jest przygotowany specjalnie dla os\u00f3b uwielbiaj\u0105cych skrupulatno\u015b\u0107 i dok\u0142adno\u015b\u0107 planowania swojego \u017cycia i czasu. <\/p>\n\n\n\n<p class=\"has-text-color\" style=\"color:#c7a361\"><strong>Pami\u0119taj, \u017ce straconego czasu nikt Ci nie odda. <\/strong><br><strong>A dok\u0142adne jego rozplanowanie pozwoli Ci cieszy\u0107 si\u0119 \u017cyciem najlepiej jak to mo\u017cliwe.  <\/strong><br>Nasz Planer \/ Planner mo\u017ce okaza\u0107 si\u0119 Twoim najlepszym przyjacielem.<\/p>\n<\/div>\n<\/div>\n\n\n<blockquote>\n<h2><em><strong>Nowy Planer dzienny B5<\/strong><\/em><\/h2>\n<p><em><strong>Planer \/ Planner B5 Blue Flower SLIM<\/strong>. W sprzeda\u017cy pojawi\u0142 si\u0119 planer \/ planner w nowej wersji ok\u0142adki. Niebiesko-bia\u0142y motyw kwiatowy daje efekt lekko\u015bci i \u015bwie\u017co\u015bci.&nbsp;<a href=\"https:\/\/planerydzienne.pl\/index.php\/produkt\/planer-dzienny-blue-flower-b5-wersja-slim\/\">Sprawd\u017a sam!<\/a><\/em><\/p>\n<\/blockquote>\n<p><!--more--><\/p>\n\n\n<div class=\"wp-block-columns has-2-columns is-layout-flex wp-container-core-columns-layout-2 wp-block-columns-is-layout-flex\">\n<div class=\"wp-block-column is-layout-flow wp-block-column-is-layout-flow\">\n<h2 class=\"wp-block-heading\"><strong>Oferta dla biznesu!<\/strong><\/h2>\n\n\n\n<h4 class=\"wp-block-heading\">Prowadzisz firm\u0119, szkolenia, warsztaty?<\/h4>\n\n\n\n<p><strong>By\u0142y ju\u017c kubki, d\u0142ugopisy, pendrive\u2019y? Chcesz si\u0119 wyr\u00f3\u017cni\u0107 na tle konkurencji?&nbsp;Zobacz&nbsp;co&nbsp;mo\u017cemy&nbsp;dla&nbsp;Ciebie&nbsp;zrobi\u0107.<\/strong><\/p>\n\n\n\n<ul><li>Zapewniamy Planery \/ Plannery w niskich nak\u0142adach;<\/li><li>Indywidualne podej\u015bcie do ka\u017cdego zlecenia;<\/li><li>Przyst\u0119pne ceny dopasowane do Pa\u0144stwa potrzeb.<\/li><\/ul>\n\n\n\n<div class=\"wp-block-button\"><a class=\"wp-block-button__link has-background no-border-radius\" href=\"https:\/\/planerydzienne.pl\/index.php\/oferta-dla-biznesu\/\" style=\"background-color:#c7a361\">Sprawd\u017a szczeg\u00f3\u0142y oferty!<\/a><\/div>\n<\/div>\n\n\n\n<div class=\"wp-block-column is-layout-flow wp-block-column-is-layout-flow\">\n<blockquote class=\"wp-block-quote\"><p><strong><em>Wasz czas jest ograniczony, wi\u0119c nie marnujcie go, \u017cyj\u0105c cudzym \u017cyciem.<\/em><br><\/strong> Steve Jobs <\/p><\/blockquote>\n\n\n\n<blockquote class=\"wp-block-quote\"><p><strong><em>Ka\u017cda prze\u017cyta chwila ma swoje znaczenie, bo bez niej nie byliby\u015bmy tym, czym jeste\u015bmy. <\/em><\/strong><\/p><p>Aldona R\u00f3\u017canek    <\/p><\/blockquote>\n<\/div>\n<\/div>\n\n\n<hr>\n\n\n<figure class=\"wp-block-gallery columns-6 is-cropped wp-block-gallery-1 is-layout-flex wp-block-gallery-is-layout-flex\"><ul class=\"blocks-gallery-grid\"><li class=\"blocks-gallery-item\"><figure><a href=\"https:\/\/planerydzienne.pl\/wp-content\/uploads\/2022\/02\/ok-IMG20220205114323-1maly.jpg\"><img loading=\"lazy\" decoding=\"async\" width=\"1005\" height=\"1300\" src=\"https:\/\/planerydzienne.pl\/wp-content\/uploads\/2022\/02\/ok-IMG20220205114323-1maly.jpg\" alt=\"\" data-id=\"1997\" data-full-url=\"https:\/\/planerydzienne.pl\/wp-content\/uploads\/2022\/02\/ok-IMG20220205114323-1maly.jpg\" data-link=\"https:\/\/planerydzienne.pl\/index.php\/sample-page\/strona-glowna\/ok-img20220205114323-1maly\/\" class=\"wp-image-1997\" srcset=\"https:\/\/planerydzienne.pl\/wp-content\/uploads\/2022\/02\/ok-IMG20220205114323-1maly.jpg 1005w, https:\/\/planerydzienne.pl\/wp-content\/uploads\/2022\/02\/ok-IMG20220205114323-1maly-232x300.jpg 232w, https:\/\/planerydzienne.pl\/wp-content\/uploads\/2022\/02\/ok-IMG20220205114323-1maly-792x1024.jpg 792w, https:\/\/planerydzienne.pl\/wp-content\/uploads\/2022\/02\/ok-IMG20220205114323-1maly-768x993.jpg 768w, https:\/\/planerydzienne.pl\/wp-content\/uploads\/2022\/02\/ok-IMG20220205114323-1maly-600x776.jpg 600w\" sizes=\"(max-width: 1005px) 100vw, 1005px\" \/><\/a><\/figure><\/li><li class=\"blocks-gallery-item\"><figure><a href=\"https:\/\/planerydzienne.pl\/wp-content\/uploads\/2018\/10\/kalndarza-K2-1200x800.jpg\"><img loading=\"lazy\" decoding=\"async\" width=\"1200\" height=\"800\" src=\"https:\/\/planerydzienne.pl\/wp-content\/uploads\/2018\/10\/kalndarza-K2-1200x800.jpg\" alt=\"\" data-id=\"744\" data-full-url=\"https:\/\/planerydzienne.pl\/wp-content\/uploads\/2018\/10\/kalndarza-K2-1200x800.jpg\" data-link=\"https:\/\/planerydzienne.pl\/index.php\/planer-dzienny-golden-gray-b5-wersja-slim\/kalndarza-k2-1200x800\/\" class=\"wp-image-744\" srcset=\"https:\/\/planerydzienne.pl\/wp-content\/uploads\/2018\/10\/kalndarza-K2-1200x800.jpg 1200w, https:\/\/planerydzienne.pl\/wp-content\/uploads\/2018\/10\/kalndarza-K2-1200x800-300x200.jpg 300w, https:\/\/planerydzienne.pl\/wp-content\/uploads\/2018\/10\/kalndarza-K2-1200x800-768x512.jpg 768w, https:\/\/planerydzienne.pl\/wp-content\/uploads\/2018\/10\/kalndarza-K2-1200x800-1024x683.jpg 1024w, https:\/\/planerydzienne.pl\/wp-content\/uploads\/2018\/10\/kalndarza-K2-1200x800-600x400.jpg 600w\" sizes=\"(max-width: 1200px) 100vw, 1200px\" \/><\/a><\/figure><\/li><li class=\"blocks-gallery-item\"><figure><a href=\"https:\/\/planerydzienne.pl\/wp-content\/uploads\/2022\/02\/IMG20220212143441a-\u2014-kopia.jpg\"><img loading=\"lazy\" decoding=\"async\" width=\"1500\" height=\"1125\" src=\"https:\/\/planerydzienne.pl\/wp-content\/uploads\/2022\/02\/IMG20220212143441a-\u2014-kopia.jpg\" alt=\"\" data-id=\"2001\" data-full-url=\"https:\/\/planerydzienne.pl\/wp-content\/uploads\/2022\/02\/IMG20220212143441a-\u2014-kopia.jpg\" data-link=\"https:\/\/planerydzienne.pl\/index.php\/sample-page\/strona-glowna\/img20220212143441a-kopia\/\" class=\"wp-image-2001\" srcset=\"https:\/\/planerydzienne.pl\/wp-content\/uploads\/2022\/02\/IMG20220212143441a-\u2014-kopia.jpg 1500w, https:\/\/planerydzienne.pl\/wp-content\/uploads\/2022\/02\/IMG20220212143441a-\u2014-kopia-300x225.jpg 300w, https:\/\/planerydzienne.pl\/wp-content\/uploads\/2022\/02\/IMG20220212143441a-\u2014-kopia-1024x768.jpg 1024w, https:\/\/planerydzienne.pl\/wp-content\/uploads\/2022\/02\/IMG20220212143441a-\u2014-kopia-768x576.jpg 768w, https:\/\/planerydzienne.pl\/wp-content\/uploads\/2022\/02\/IMG20220212143441a-\u2014-kopia-600x450.jpg 600w\" sizes=\"(max-width: 1500px) 100vw, 1500px\" \/><\/a><\/figure><\/li><li class=\"blocks-gallery-item\"><figure><a href=\"https:\/\/planerydzienne.pl\/wp-content\/uploads\/2018\/04\/cool.jpg\"><img loading=\"lazy\" decoding=\"async\" width=\"1200\" height=\"800\" src=\"https:\/\/planerydzienne.pl\/wp-content\/uploads\/2018\/04\/cool.jpg\" alt=\"\" data-id=\"403\" data-full-url=\"https:\/\/planerydzienne.pl\/wp-content\/uploads\/2018\/04\/cool.jpg\" data-link=\"https:\/\/planerydzienne.pl\/index.php\/sample-page\/strona-glowna\/cool\/\" class=\"wp-image-403\" srcset=\"https:\/\/planerydzienne.pl\/wp-content\/uploads\/2018\/04\/cool.jpg 1200w, https:\/\/planerydzienne.pl\/wp-content\/uploads\/2018\/04\/cool-600x400.jpg 600w, https:\/\/planerydzienne.pl\/wp-content\/uploads\/2018\/04\/cool-300x200.jpg 300w, https:\/\/planerydzienne.pl\/wp-content\/uploads\/2018\/04\/cool-768x512.jpg 768w, https:\/\/planerydzienne.pl\/wp-content\/uploads\/2018\/04\/cool-1024x683.jpg 1024w\" sizes=\"(max-width: 1200px) 100vw, 1200px\" \/><\/a><\/figure><\/li><li class=\"blocks-gallery-item\"><figure><a href=\"https:\/\/planerydzienne.pl\/wp-content\/uploads\/2017\/12\/golden-gray-B5-slim.jpg\"><img loading=\"lazy\" decoding=\"async\" width=\"1200\" height=\"800\" src=\"https:\/\/planerydzienne.pl\/wp-content\/uploads\/2017\/12\/golden-gray-B5-slim.jpg\" alt=\"\" data-id=\"59\" data-full-url=\"https:\/\/planerydzienne.pl\/wp-content\/uploads\/2017\/12\/golden-gray-B5-slim.jpg\" data-link=\"https:\/\/planerydzienne.pl\/index.php\/planer-dzienny-golden-gray-b5-wersja-slim\/vintage-gift-box-with-bow-on-wooden-background-3\/\" class=\"wp-image-59\" srcset=\"https:\/\/planerydzienne.pl\/wp-content\/uploads\/2017\/12\/golden-gray-B5-slim.jpg 1200w, https:\/\/planerydzienne.pl\/wp-content\/uploads\/2017\/12\/golden-gray-B5-slim-600x400.jpg 600w, https:\/\/planerydzienne.pl\/wp-content\/uploads\/2017\/12\/golden-gray-B5-slim-300x200.jpg 300w, https:\/\/planerydzienne.pl\/wp-content\/uploads\/2017\/12\/golden-gray-B5-slim-768x512.jpg 768w, https:\/\/planerydzienne.pl\/wp-content\/uploads\/2017\/12\/golden-gray-B5-slim-1024x683.jpg 1024w\" sizes=\"(max-width: 1200px) 100vw, 1200px\" \/><\/a><\/figure><\/li><li class=\"blocks-gallery-item\"><figure><a href=\"https:\/\/planerydzienne.pl\/wp-content\/uploads\/2018\/04\/black.jpg\"><img loading=\"lazy\" decoding=\"async\" width=\"1200\" height=\"800\" src=\"https:\/\/planerydzienne.pl\/wp-content\/uploads\/2018\/04\/black.jpg\" alt=\"\" data-id=\"401\" data-full-url=\"https:\/\/planerydzienne.pl\/wp-content\/uploads\/2018\/04\/black.jpg\" data-link=\"https:\/\/planerydzienne.pl\/index.php\/sample-page\/strona-glowna\/black\/\" class=\"wp-image-401\" srcset=\"https:\/\/planerydzienne.pl\/wp-content\/uploads\/2018\/04\/black.jpg 1200w, https:\/\/planerydzienne.pl\/wp-content\/uploads\/2018\/04\/black-600x400.jpg 600w, https:\/\/planerydzienne.pl\/wp-content\/uploads\/2018\/04\/black-300x200.jpg 300w, https:\/\/planerydzienne.pl\/wp-content\/uploads\/2018\/04\/black-768x512.jpg 768w, https:\/\/planerydzienne.pl\/wp-content\/uploads\/2018\/04\/black-1024x683.jpg 1024w\" sizes=\"(max-width: 1200px) 100vw, 1200px\" \/><\/a><\/figure><\/li><li class=\"blocks-gallery-item\"><figure><a href=\"https:\/\/planerydzienne.pl\/wp-content\/uploads\/2018\/04\/crayzy.jpg\"><img loading=\"lazy\" decoding=\"async\" width=\"1200\" height=\"800\" src=\"https:\/\/planerydzienne.pl\/wp-content\/uploads\/2018\/04\/crayzy.jpg\" alt=\"\" data-id=\"402\" data-full-url=\"https:\/\/planerydzienne.pl\/wp-content\/uploads\/2018\/04\/crayzy.jpg\" data-link=\"https:\/\/planerydzienne.pl\/index.php\/sample-page\/strona-glowna\/crayzy\/\" class=\"wp-image-402\" srcset=\"https:\/\/planerydzienne.pl\/wp-content\/uploads\/2018\/04\/crayzy.jpg 1200w, https:\/\/planerydzienne.pl\/wp-content\/uploads\/2018\/04\/crayzy-600x400.jpg 600w, https:\/\/planerydzienne.pl\/wp-content\/uploads\/2018\/04\/crayzy-300x200.jpg 300w, https:\/\/planerydzienne.pl\/wp-content\/uploads\/2018\/04\/crayzy-768x512.jpg 768w, https:\/\/planerydzienne.pl\/wp-content\/uploads\/2018\/04\/crayzy-1024x683.jpg 1024w\" sizes=\"(max-width: 1200px) 100vw, 1200px\" \/><\/a><\/figure><\/li><li class=\"blocks-gallery-item\"><figure><a href=\"https:\/\/planerydzienne.pl\/wp-content\/uploads\/2022\/02\/IMG20220219134937-maly.jpg\"><img loading=\"lazy\" decoding=\"async\" width=\"936\" height=\"1200\" src=\"https:\/\/planerydzienne.pl\/wp-content\/uploads\/2022\/02\/IMG20220219134937-maly.jpg\" alt=\"\" data-id=\"1998\" data-full-url=\"https:\/\/planerydzienne.pl\/wp-content\/uploads\/2022\/02\/IMG20220219134937-maly.jpg\" data-link=\"https:\/\/planerydzienne.pl\/index.php\/sample-page\/strona-glowna\/img20220219134937-maly\/\" class=\"wp-image-1998\" srcset=\"https:\/\/planerydzienne.pl\/wp-content\/uploads\/2022\/02\/IMG20220219134937-maly.jpg 936w, https:\/\/planerydzienne.pl\/wp-content\/uploads\/2022\/02\/IMG20220219134937-maly-234x300.jpg 234w, https:\/\/planerydzienne.pl\/wp-content\/uploads\/2022\/02\/IMG20220219134937-maly-799x1024.jpg 799w, https:\/\/planerydzienne.pl\/wp-content\/uploads\/2022\/02\/IMG20220219134937-maly-768x985.jpg 768w, https:\/\/planerydzienne.pl\/wp-content\/uploads\/2022\/02\/IMG20220219134937-maly-600x769.jpg 600w\" sizes=\"(max-width: 936px) 100vw, 936px\" \/><\/a><\/figure><\/li><li class=\"blocks-gallery-item\"><figure><a href=\"https:\/\/planerydzienne.pl\/wp-content\/uploads\/2018\/04\/eco.jpg\"><img loading=\"lazy\" decoding=\"async\" width=\"1200\" height=\"800\" src=\"https:\/\/planerydzienne.pl\/wp-content\/uploads\/2018\/04\/eco.jpg\" alt=\"\" data-id=\"399\" data-full-url=\"https:\/\/planerydzienne.pl\/wp-content\/uploads\/2018\/04\/eco.jpg\" data-link=\"https:\/\/planerydzienne.pl\/index.php\/sample-page\/strona-glowna\/eco\/\" class=\"wp-image-399\" srcset=\"https:\/\/planerydzienne.pl\/wp-content\/uploads\/2018\/04\/eco.jpg 1200w, https:\/\/planerydzienne.pl\/wp-content\/uploads\/2018\/04\/eco-600x400.jpg 600w, https:\/\/planerydzienne.pl\/wp-content\/uploads\/2018\/04\/eco-300x200.jpg 300w, https:\/\/planerydzienne.pl\/wp-content\/uploads\/2018\/04\/eco-768x512.jpg 768w, https:\/\/planerydzienne.pl\/wp-content\/uploads\/2018\/04\/eco-1024x683.jpg 1024w\" sizes=\"(max-width: 1200px) 100vw, 1200px\" \/><\/a><\/figure><\/li><li class=\"blocks-gallery-item\"><figure><a href=\"https:\/\/planerydzienne.pl\/wp-content\/uploads\/2020\/03\/shutterstock_173422046-male.jpg\"><img loading=\"lazy\" decoding=\"async\" width=\"1200\" height=\"800\" src=\"https:\/\/planerydzienne.pl\/wp-content\/uploads\/2020\/03\/shutterstock_173422046-male.jpg\" alt=\"\" data-id=\"1533\" data-full-url=\"https:\/\/planerydzienne.pl\/wp-content\/uploads\/2020\/03\/shutterstock_173422046-male.jpg\" data-link=\"https:\/\/planerydzienne.pl\/index.php\/sample-page\/strona-glowna\/shutterstock_173422046-male\/\" class=\"wp-image-1533\" srcset=\"https:\/\/planerydzienne.pl\/wp-content\/uploads\/2020\/03\/shutterstock_173422046-male.jpg 1200w, https:\/\/planerydzienne.pl\/wp-content\/uploads\/2020\/03\/shutterstock_173422046-male-300x200.jpg 300w, https:\/\/planerydzienne.pl\/wp-content\/uploads\/2020\/03\/shutterstock_173422046-male-768x512.jpg 768w, https:\/\/planerydzienne.pl\/wp-content\/uploads\/2020\/03\/shutterstock_173422046-male-1024x683.jpg 1024w, https:\/\/planerydzienne.pl\/wp-content\/uploads\/2020\/03\/shutterstock_173422046-male-600x400.jpg 600w\" sizes=\"(max-width: 1200px) 100vw, 1200px\" \/><\/a><\/figure><\/li><li class=\"blocks-gallery-item\"><figure><a href=\"https:\/\/planerydzienne.pl\/wp-content\/uploads\/2020\/03\/641544-POM3HW-26-male.jpg\"><img loading=\"lazy\" decoding=\"async\" width=\"1208\" height=\"800\" src=\"https:\/\/planerydzienne.pl\/wp-content\/uploads\/2020\/03\/641544-POM3HW-26-male.jpg\" alt=\"\" data-id=\"1535\" data-full-url=\"https:\/\/planerydzienne.pl\/wp-content\/uploads\/2020\/03\/641544-POM3HW-26-male.jpg\" data-link=\"https:\/\/planerydzienne.pl\/index.php\/sample-page\/strona-glowna\/641544-pom3hw-26-male\/\" class=\"wp-image-1535\" srcset=\"https:\/\/planerydzienne.pl\/wp-content\/uploads\/2020\/03\/641544-POM3HW-26-male.jpg 1208w, https:\/\/planerydzienne.pl\/wp-content\/uploads\/2020\/03\/641544-POM3HW-26-male-300x199.jpg 300w, https:\/\/planerydzienne.pl\/wp-content\/uploads\/2020\/03\/641544-POM3HW-26-male-768x509.jpg 768w, https:\/\/planerydzienne.pl\/wp-content\/uploads\/2020\/03\/641544-POM3HW-26-male-1024x678.jpg 1024w, https:\/\/planerydzienne.pl\/wp-content\/uploads\/2020\/03\/641544-POM3HW-26-male-600x397.jpg 600w\" sizes=\"(max-width: 1208px) 100vw, 1208px\" \/><\/a><\/figure><\/li><li class=\"blocks-gallery-item\"><figure><a href=\"https:\/\/planerydzienne.pl\/wp-content\/uploads\/2020\/03\/rozowy-Kopia-maly.jpg\"><img loading=\"lazy\" decoding=\"async\" width=\"1200\" height=\"800\" src=\"https:\/\/planerydzienne.pl\/wp-content\/uploads\/2020\/03\/rozowy-Kopia-maly.jpg\" alt=\"\" data-id=\"1536\" data-full-url=\"https:\/\/planerydzienne.pl\/wp-content\/uploads\/2020\/03\/rozowy-Kopia-maly.jpg\" data-link=\"https:\/\/planerydzienne.pl\/index.php\/sample-page\/strona-glowna\/rozowy-kopia-maly-2\/\" class=\"wp-image-1536\" srcset=\"https:\/\/planerydzienne.pl\/wp-content\/uploads\/2020\/03\/rozowy-Kopia-maly.jpg 1200w, https:\/\/planerydzienne.pl\/wp-content\/uploads\/2020\/03\/rozowy-Kopia-maly-300x200.jpg 300w, https:\/\/planerydzienne.pl\/wp-content\/uploads\/2020\/03\/rozowy-Kopia-maly-768x512.jpg 768w, https:\/\/planerydzienne.pl\/wp-content\/uploads\/2020\/03\/rozowy-Kopia-maly-1024x683.jpg 1024w, https:\/\/planerydzienne.pl\/wp-content\/uploads\/2020\/03\/rozowy-Kopia-maly-600x400.jpg 600w\" sizes=\"(max-width: 1200px) 100vw, 1200px\" \/><\/a><\/figure><\/li><\/ul><\/figure>\n","protected":false},"excerpt":{"rendered":"<p>Zapomnia\u0142e\u015b\/a\u015b o wa\u017cnym spotkaniu? A mo\u017ce o wizycie u lekarza? Albo masz mas\u0119 karteczek, notatek czy zapisk\u00f3w, i wsz\u0119dzie ich pe\u0142no? To ju\u017c nie wa\u017cne. Przed Tob\u0105 Planery dzienne i tygodniowe, w zale\u017cno\u015bci od potrzeb. Dzi\u0119ki nim uporz\u0105dkujesz swoje \u017cycie<\/p>\n","protected":false},"author":1,"featured_media":0,"parent":2,"menu_order":0,"comment_status":"closed","ping_status":"closed","template":"","meta":{"footnotes":""},"_links":{"self":[{"href":"https:\/\/planerydzienne.pl\/index.php\/wp-json\/wp\/v2\/pages\/11"}],"collection":[{"href":"https:\/\/planerydzienne.pl\/index.php\/wp-json\/wp\/v2\/pages"}],"about":[{"href":"https:\/\/planerydzienne.pl\/index.php\/wp-json\/wp\/v2\/types\/page"}],"author":[{"embeddable":true,"href":"https:\/\/planerydzienne.pl\/index.php\/wp-json\/wp\/v2\/users\/1"}],"replies":[{"embeddable":true,"href":"https:\/\/planerydzienne.pl\/index.php\/wp-json\/wp\/v2\/comments?post=11"}],"version-history":[{"count":69,"href":"https:\/\/planerydzienne.pl\/index.php\/wp-json\/wp\/v2\/pages\/11\/revisions"}],"predecessor-version":[{"id":2003,"href":"https:\/\/planerydzienne.pl\/index.php\/wp-json\/wp\/v2\/pages\/11\/revisions\/2003"}],"up":[{"embeddable":true,"href":"https:\/\/planerydzienne.pl\/index.php\/wp-json\/wp\/v2\/pages\/2"}],"wp:attachment":[{"href":"https:\/\/planerydzienne.pl\/index.php\/wp-json\/wp\/v2\/media?parent=11"}],"curies":[{"name":"wp","href":"https:\/\/api.w.org\/{rel}","templated":true}]}}