{"id":129,"date":"2017-12-24T12:08:45","date_gmt":"2017-12-24T12:08:45","guid":{"rendered":"http:\/\/planerydzienne.pl\/?page_id=129"},"modified":"2018-01-23T19:41:48","modified_gmt":"2018-01-23T19:41:48","slug":"najczesciej-zadawane-pytania","status":"publish","type":"page","link":"https:\/\/planerydzienne.pl\/index.php\/najczesciej-zadawane-pytania\/","title":{"rendered":"Najcz\u0119\u015bciej zadawane pytania"},"content":{"rendered":"<p><strong>1. Jakie s\u0105 dost\u0119pne formy wysy\u0142ki?<\/strong><br \/>\n<em>Wysy\u0142ka odbywa si\u0119 za pomoc\u0105 firmy kurierskiej lub paczkomat\u00f3w InPost<\/em><\/p>\n<p><strong>2. Jakie s\u0105 koszta wysy\u0142ki?<\/strong><br \/>\n<em>W obu przypadkach koszt jest sta\u0142y i wynosi 10,00 PLN<\/em><\/p>\n<p><strong>3. Jaki jest czas realizacji?<\/strong><br \/>\n<em>Do 10 dni roboczych, ale najcz\u0119\u015bciej jest to do 2-3 dni \u0142\u0105cznie ze spedycj\u0105 od daty zaksi\u0119gowania wp\u0142aty na konto.<\/em><\/p>\n<p><strong>4. Jakie s\u0105 dost\u0119pne formy p\u0142atno\u015bci?<\/strong><br \/>\n<em>Wp\u0142ata\u00a0 zwyk\u0142ym przelewem bankowym, na podane podczas zamawiania konto bankowe lub za po\u015brednictwem systemu transakcyjnego Przelewy24.<\/em><\/p>\n<p><strong>5. Czy mog\u0119 sk\u0142ada\u0107 zam\u00f3wienia bez rejestracji.<\/strong><br \/>\n<em>Tak, aby dokonywa\u0107 zakup\u00f3w nie jest wymagana rejestracja.<\/em><\/p>\n","protected":false},"excerpt":{"rendered":"<p>1. Jakie s\u0105 dost\u0119pne formy wysy\u0142ki? Wysy\u0142ka odbywa si\u0119 za pomoc\u0105 firmy kurierskiej lub paczkomat\u00f3w InPost 2. Jakie s\u0105 koszta wysy\u0142ki? W obu przypadkach koszt jest sta\u0142y i wynosi 10,00 PLN 3. Jaki jest czas realizacji? Do 10 dni roboczych,<\/p>\n","protected":false},"author":1,"featured_media":0,"parent":0,"menu_order":0,"comment_status":"closed","ping_status":"closed","template":"","meta":{"footnotes":""},"_links":{"self":[{"href":"https:\/\/planerydzienne.pl\/index.php\/wp-json\/wp\/v2\/pages\/129"}],"collection":[{"href":"https:\/\/planerydzienne.pl\/index.php\/wp-json\/wp\/v2\/pages"}],"about":[{"href":"https:\/\/planerydzienne.pl\/index.php\/wp-json\/wp\/v2\/types\/page"}],"author":[{"embeddable":true,"href":"https:\/\/planerydzienne.pl\/index.php\/wp-json\/wp\/v2\/users\/1"}],"replies":[{"embeddable":true,"href":"https:\/\/planerydzienne.pl\/index.php\/wp-json\/wp\/v2\/comments?post=129"}],"version-history":[{"count":6,"href":"https:\/\/planerydzienne.pl\/index.php\/wp-json\/wp\/v2\/pages\/129\/revisions"}],"predecessor-version":[{"id":266,"href":"https:\/\/planerydzienne.pl\/index.php\/wp-json\/wp\/v2\/pages\/129\/revisions\/266"}],"wp:attachment":[{"href":"https:\/\/planerydzienne.pl\/index.php\/wp-json\/wp\/v2\/media?parent=129"}],"curies":[{"name":"wp","href":"https:\/\/api.w.org\/{rel}","templated":true}]}}