{"id":1269,"date":"2019-08-03T22:10:37","date_gmt":"2019-08-03T22:10:37","guid":{"rendered":"https:\/\/planerydzienne.pl\/?post_type=product&#038;p=1269"},"modified":"2025-04-17T23:28:10","modified_gmt":"2025-04-17T23:28:10","slug":"podklad-na-biurko-biuwar-a3-wzor-b-4","status":"publish","type":"product","link":"https:\/\/planerydzienne.pl\/index.php\/produkt\/podklad-na-biurko-biuwar-a3-wzor-b-4\/","title":{"rendered":"Podk\u0142ad na biurko \/ Biuwar \/ Planer tygodniowy A3 (wz\u00f3r B.4)"},"content":{"rendered":"<p>Pok\u0142ad na biurko, w formie wygodnego w u\u017cyciu biuwaru. Dzi\u0119ki niemu rozplanujemy i uporz\u0105dkujemy sobie ka\u017cdy dzie\u0144 w konkretnym tygodniu. Planer jest w formie notesu, klejonego po g\u00f3rnej kraw\u0119dzi.<\/p>\n<hr style=\"color: #c7a361;\" \/>\n<p><strong><span style=\"color: #c7a361;\">\u00bb<\/span> <\/strong>Format \u2013 zbli\u017cony do <strong>A3<\/strong> (290x410mm)<br \/>\n<strong><span style=\"color: #c7a361;\">\u00bb<\/span> <\/strong>Oprawa \u2013 Klejenie po g\u00f3rnej kraw\u0119dzi<br \/>\n<strong><span style=\"color: #c7a361;\">\u00bb<\/span>\u00a0<\/strong>Ilo\u015b\u0107 kart\u00a0<strong>\u2013<\/strong> <strong>30 str.<\/strong> + ok\u0142adka<br \/>\n<strong><span style=\"color: #c7a361;\">\u00bb<\/span> <\/strong>Karty wn\u0119trza \u2013 bia\u0142y papier 80g<br \/>\n<strong><span style=\"color: #c7a361;\">\u00bb<\/span>\u00a0<\/strong>Druk\u00a0\u2013 1+0 (czarny)<\/p>\n","protected":false},"excerpt":{"rendered":"<p><strong>Format A3 (29&#215;42 cm), 30 str.<\/strong><\/p>\n<p>Blok, klejony po g\u00f3rnej kraw\u0119dzi<\/p>\n<p>&nbsp;<\/p>\n","protected":false},"featured_media":1273,"template":"","meta":[],"product_cat":[78],"product_tag":[],"_links":{"self":[{"href":"https:\/\/planerydzienne.pl\/index.php\/wp-json\/wp\/v2\/product\/1269"}],"collection":[{"href":"https:\/\/planerydzienne.pl\/index.php\/wp-json\/wp\/v2\/product"}],"about":[{"href":"https:\/\/planerydzienne.pl\/index.php\/wp-json\/wp\/v2\/types\/product"}],"wp:featuredmedia":[{"embeddable":true,"href":"https:\/\/planerydzienne.pl\/index.php\/wp-json\/wp\/v2\/media\/1273"}],"wp:attachment":[{"href":"https:\/\/planerydzienne.pl\/index.php\/wp-json\/wp\/v2\/media?parent=1269"}],"wp:term":[{"taxonomy":"product_cat","embeddable":true,"href":"https:\/\/planerydzienne.pl\/index.php\/wp-json\/wp\/v2\/product_cat?post=1269"},{"taxonomy":"product_tag","embeddable":true,"href":"https:\/\/planerydzienne.pl\/index.php\/wp-json\/wp\/v2\/product_tag?post=1269"}],"curies":[{"name":"wp","href":"https:\/\/api.w.org\/{rel}","templated":true}]}}