{"id":334,"date":"2018-02-09T22:12:22","date_gmt":"2018-02-09T22:12:22","guid":{"rendered":"http:\/\/planerydzienne.pl\/?post_type=product&#038;p=334"},"modified":"2025-05-26T08:06:56","modified_gmt":"2025-05-26T08:06:56","slug":"ecoline-planer-dzienny-b5-wersja-slim","status":"publish","type":"product","link":"https:\/\/planerydzienne.pl\/index.php\/produkt\/ecoline-planer-dzienny-b5-wersja-slim\/","title":{"rendered":"ECOline Planer dzienny (B5) \u2013 wersja SLIM"},"content":{"rendered":"<div id='gallery-1' class='gallery galleryid-334 gallery-columns-9 gallery-size-medium'><figure class='gallery-item'>\n\t\t\t<div class='gallery-icon landscape'>\n\t\t\t\t<a href='https:\/\/planerydzienne.pl\/wp-content\/uploads\/2018\/02\/okl-1.jpg'><img loading=\"lazy\" decoding=\"async\" width=\"300\" height=\"220\" src=\"https:\/\/planerydzienne.pl\/wp-content\/uploads\/2018\/02\/okl-1-300x220.jpg\" class=\"attachment-medium size-medium\" alt=\"\" srcset=\"https:\/\/planerydzienne.pl\/wp-content\/uploads\/2018\/02\/okl-1-300x220.jpg 300w, https:\/\/planerydzienne.pl\/wp-content\/uploads\/2018\/02\/okl-1-600x439.jpg 600w, https:\/\/planerydzienne.pl\/wp-content\/uploads\/2018\/02\/okl-1-768x562.jpg 768w, https:\/\/planerydzienne.pl\/wp-content\/uploads\/2018\/02\/okl-1.jpg 1000w\" sizes=\"(max-width: 300px) 100vw, 300px\" \/><\/a>\n\t\t\t<\/div><\/figure><figure class='gallery-item'>\n\t\t\t<div class='gallery-icon landscape'>\n\t\t\t\t<a href='https:\/\/planerydzienne.pl\/wp-content\/uploads\/2018\/02\/str-1-1.jpg'><img loading=\"lazy\" decoding=\"async\" width=\"300\" height=\"220\" src=\"https:\/\/planerydzienne.pl\/wp-content\/uploads\/2018\/02\/str-1-1-300x220.jpg\" class=\"attachment-medium size-medium\" alt=\"\" srcset=\"https:\/\/planerydzienne.pl\/wp-content\/uploads\/2018\/02\/str-1-1-300x220.jpg 300w, https:\/\/planerydzienne.pl\/wp-content\/uploads\/2018\/02\/str-1-1-768x562.jpg 768w, https:\/\/planerydzienne.pl\/wp-content\/uploads\/2018\/02\/str-1-1-600x439.jpg 600w, https:\/\/planerydzienne.pl\/wp-content\/uploads\/2018\/02\/str-1-1.jpg 1000w\" sizes=\"(max-width: 300px) 100vw, 300px\" \/><\/a>\n\t\t\t<\/div><\/figure><figure class='gallery-item'>\n\t\t\t<div class='gallery-icon landscape'>\n\t\t\t\t<a href='https:\/\/planerydzienne.pl\/wp-content\/uploads\/2018\/02\/str-6-7.jpg'><img loading=\"lazy\" decoding=\"async\" width=\"300\" height=\"220\" src=\"https:\/\/planerydzienne.pl\/wp-content\/uploads\/2018\/02\/str-6-7-300x220.jpg\" class=\"attachment-medium size-medium\" alt=\"\" srcset=\"https:\/\/planerydzienne.pl\/wp-content\/uploads\/2018\/02\/str-6-7-300x220.jpg 300w, https:\/\/planerydzienne.pl\/wp-content\/uploads\/2018\/02\/str-6-7-600x439.jpg 600w, https:\/\/planerydzienne.pl\/wp-content\/uploads\/2018\/02\/str-6-7-768x562.jpg 768w, https:\/\/planerydzienne.pl\/wp-content\/uploads\/2018\/02\/str-6-7.jpg 1000w\" sizes=\"(max-width: 300px) 100vw, 300px\" \/><\/a>\n\t\t\t<\/div><\/figure><figure class='gallery-item'>\n\t\t\t<div class='gallery-icon landscape'>\n\t\t\t\t<a href='https:\/\/planerydzienne.pl\/wp-content\/uploads\/2018\/02\/str-8-9.jpg'><img loading=\"lazy\" decoding=\"async\" width=\"300\" height=\"220\" src=\"https:\/\/planerydzienne.pl\/wp-content\/uploads\/2018\/02\/str-8-9-300x220.jpg\" class=\"attachment-medium size-medium\" alt=\"\" srcset=\"https:\/\/planerydzienne.pl\/wp-content\/uploads\/2018\/02\/str-8-9-300x220.jpg 300w, https:\/\/planerydzienne.pl\/wp-content\/uploads\/2018\/02\/str-8-9-600x439.jpg 600w, https:\/\/planerydzienne.pl\/wp-content\/uploads\/2018\/02\/str-8-9-768x562.jpg 768w, https:\/\/planerydzienne.pl\/wp-content\/uploads\/2018\/02\/str-8-9.jpg 1000w\" sizes=\"(max-width: 300px) 100vw, 300px\" \/><\/a>\n\t\t\t<\/div><\/figure><figure class='gallery-item'>\n\t\t\t<div class='gallery-icon landscape'>\n\t\t\t\t<a href='https:\/\/planerydzienne.pl\/wp-content\/uploads\/2018\/02\/str-10-11.jpg'><img loading=\"lazy\" decoding=\"async\" width=\"300\" height=\"220\" src=\"https:\/\/planerydzienne.pl\/wp-content\/uploads\/2018\/02\/str-10-11-300x220.jpg\" class=\"attachment-medium size-medium\" alt=\"\" srcset=\"https:\/\/planerydzienne.pl\/wp-content\/uploads\/2018\/02\/str-10-11-300x220.jpg 300w, https:\/\/planerydzienne.pl\/wp-content\/uploads\/2018\/02\/str-10-11-600x439.jpg 600w, https:\/\/planerydzienne.pl\/wp-content\/uploads\/2018\/02\/str-10-11-768x562.jpg 768w, https:\/\/planerydzienne.pl\/wp-content\/uploads\/2018\/02\/str-10-11.jpg 1000w\" sizes=\"(max-width: 300px) 100vw, 300px\" \/><\/a>\n\t\t\t<\/div><\/figure><figure class='gallery-item'>\n\t\t\t<div class='gallery-icon landscape'>\n\t\t\t\t<a href='https:\/\/planerydzienne.pl\/wp-content\/uploads\/2018\/02\/str-12-13.jpg'><img loading=\"lazy\" decoding=\"async\" width=\"300\" height=\"220\" src=\"https:\/\/planerydzienne.pl\/wp-content\/uploads\/2018\/02\/str-12-13-300x220.jpg\" class=\"attachment-medium size-medium\" alt=\"\" srcset=\"https:\/\/planerydzienne.pl\/wp-content\/uploads\/2018\/02\/str-12-13-300x220.jpg 300w, https:\/\/planerydzienne.pl\/wp-content\/uploads\/2018\/02\/str-12-13-600x439.jpg 600w, https:\/\/planerydzienne.pl\/wp-content\/uploads\/2018\/02\/str-12-13-768x562.jpg 768w, https:\/\/planerydzienne.pl\/wp-content\/uploads\/2018\/02\/str-12-13.jpg 1000w\" sizes=\"(max-width: 300px) 100vw, 300px\" \/><\/a>\n\t\t\t<\/div><\/figure><figure class='gallery-item'>\n\t\t\t<div class='gallery-icon landscape'>\n\t\t\t\t<a href='https:\/\/planerydzienne.pl\/wp-content\/uploads\/2018\/02\/str-14-15.jpg'><img loading=\"lazy\" decoding=\"async\" width=\"300\" height=\"220\" src=\"https:\/\/planerydzienne.pl\/wp-content\/uploads\/2018\/02\/str-14-15-300x220.jpg\" class=\"attachment-medium size-medium\" alt=\"\" srcset=\"https:\/\/planerydzienne.pl\/wp-content\/uploads\/2018\/02\/str-14-15-300x220.jpg 300w, https:\/\/planerydzienne.pl\/wp-content\/uploads\/2018\/02\/str-14-15-600x439.jpg 600w, https:\/\/planerydzienne.pl\/wp-content\/uploads\/2018\/02\/str-14-15-768x562.jpg 768w, https:\/\/planerydzienne.pl\/wp-content\/uploads\/2018\/02\/str-14-15.jpg 1000w\" sizes=\"(max-width: 300px) 100vw, 300px\" \/><\/a>\n\t\t\t<\/div><\/figure><figure class='gallery-item'>\n\t\t\t<div class='gallery-icon landscape'>\n\t\t\t\t<a href='https:\/\/planerydzienne.pl\/wp-content\/uploads\/2018\/02\/str-16-17-1.jpg'><img loading=\"lazy\" decoding=\"async\" width=\"300\" height=\"220\" src=\"https:\/\/planerydzienne.pl\/wp-content\/uploads\/2018\/02\/str-16-17-1-300x220.jpg\" class=\"attachment-medium size-medium\" alt=\"\" srcset=\"https:\/\/planerydzienne.pl\/wp-content\/uploads\/2018\/02\/str-16-17-1-300x220.jpg 300w, https:\/\/planerydzienne.pl\/wp-content\/uploads\/2018\/02\/str-16-17-1-768x562.jpg 768w, https:\/\/planerydzienne.pl\/wp-content\/uploads\/2018\/02\/str-16-17-1-600x439.jpg 600w, https:\/\/planerydzienne.pl\/wp-content\/uploads\/2018\/02\/str-16-17-1.jpg 1000w\" sizes=\"(max-width: 300px) 100vw, 300px\" \/><\/a>\n\t\t\t<\/div><\/figure><figure class='gallery-item'>\n\t\t\t<div class='gallery-icon landscape'>\n\t\t\t\t<a href='https:\/\/planerydzienne.pl\/wp-content\/uploads\/2018\/02\/okl-2.jpg'><img loading=\"lazy\" decoding=\"async\" width=\"300\" height=\"220\" src=\"https:\/\/planerydzienne.pl\/wp-content\/uploads\/2018\/02\/okl-2-300x220.jpg\" class=\"attachment-medium size-medium\" alt=\"\" srcset=\"https:\/\/planerydzienne.pl\/wp-content\/uploads\/2018\/02\/okl-2-300x220.jpg 300w, https:\/\/planerydzienne.pl\/wp-content\/uploads\/2018\/02\/okl-2-600x439.jpg 600w, https:\/\/planerydzienne.pl\/wp-content\/uploads\/2018\/02\/okl-2-768x562.jpg 768w, https:\/\/planerydzienne.pl\/wp-content\/uploads\/2018\/02\/okl-2.jpg 1000w\" sizes=\"(max-width: 300px) 100vw, 300px\" \/><\/a>\n\t\t\t<\/div><\/figure>\n\t\t<\/div>\n\n<hr style=\"color: #c7a361;\" \/>\n<p><img loading=\"lazy\" decoding=\"async\" class=\" wp-image-348 alignleft\" src=\"http:\/\/planerydzienne.pl\/wp-content\/uploads\/2018\/02\/Logo-ecoline2-300x120.jpg\" alt=\"\" width=\"105\" height=\"42\" srcset=\"https:\/\/planerydzienne.pl\/wp-content\/uploads\/2018\/02\/Logo-ecoline2-300x120.jpg 300w, https:\/\/planerydzienne.pl\/wp-content\/uploads\/2018\/02\/Logo-ecoline2.jpg 596w\" sizes=\"(max-width: 105px) 100vw, 105px\" \/>Seria planer\u00f3w <strong>ECOline<\/strong> to produkty bardziej przyjazne dla \u015brodowiska. Drukowane na papierach recyklingowych, niebielonych. Ok\u0142adka z naturalnego papieru daje mi\u0142e doznania dotykowe oraz zapachowe. Brak folii na ok\u0142adce niweluje problem z p\u00f3\u017aniejszym recyklingiem takiego planera.<\/p>\n<hr style=\"color: #c7a361;\" \/>\n<p><strong>Planer<\/strong> nie jest typowym, wsz\u0119dzie spotykanym kalendarzem. Jest to lu\u017ano opracowany terminarz, kt\u00f3ry wype\u0142nia si\u0119 strona po stronie.<br \/>\n<strong><span style=\"color: #c7a361;\">\u00bb<\/span> <\/strong>Ka\u017cda karta posiada miejsce na wpisanie dnia i daty<br \/>\n<strong><span style=\"color: #c7a361;\">\u00bb<\/span> <\/strong>Nie ma z g\u00f3ry narzuconej kolejno\u015bci zapisywania dni<br \/>\n<strong><span style=\"color: #c7a361;\">\u00bb<\/span> <\/strong>To Ty decydujesz kiedy uzupe\u0142niasz <strong>planer<\/strong>, wi\u0119c wpisy w <strong>planerze<\/strong> zaczynasz w dowolnym momencie roku<br \/>\n<strong><span style=\"color: #c7a361;\">\u00bb<\/span> Planer<\/strong> jest uniwersalny, nadaje si\u0119 dla ucznia, studenta, managera czy te\u017c kobiety w ci\u0105\u017cy. Ka\u017cdy z powodzeniem mo\u017ce z niego korzysta\u0107<\/p>\n<hr style=\"color: #c7a361;\" \/>\n<p>Uniwersalne, wygodne i proste narz\u0119dzie, dzi\u0119ki kt\u00f3remu rozplanujemy i uporz\u0105dkujemy sobie ka\u017cdy dzie\u0144. Sam Planer jest w formie wygodnego ko\u0142ozeszytu w twardej oprawie, z ok\u0142adk\u0105 zabezpieczon\u0105 foli\u0105. Zapewnia to odpowiedni\u0105 trwa\u0142o\u015b\u0107 i wygod\u0119 u\u017cytkowania.<\/p>\n<hr style=\"color: #c7a361;\" \/>\n<p><strong>Spis tre\u015bci<\/strong><br \/>\n<strong><span style=\"color: #c7a361;\">\u00bb<\/span> <\/strong>Strona tytu\u0142owa z miejscem na dane w\u0142a\u015bciciela (1 str.)<br \/>\n<strong><span style=\"color: #c7a361;\">\u00bb<\/span> <\/strong>Kalendarz na rok 2021\/22\/23(6 str.)<br \/>\n<strong><span style=\"color: #c7a361;\">\u00bb<\/span> <\/strong>100 rzeczy kt\u00f3re chc\u0119 zrobi\u0107 w&#8230; (2 str.)<br \/>\n<strong><span style=\"color: #c7a361;\">\u00bb<\/span> <\/strong>Planner dzienny na 104 dni (104 str.)<br \/>\n&#8211; miejsce na wpisanie daty<br \/>\n&#8211; harmonogram dnia<br \/>\n&#8211; lista priorytet\u00f3w<br \/>\n&#8211; lista spraw<br \/>\n<strong><span style=\"color: #c7a361;\">\u00bb<\/span> <\/strong>Notatki (5 str.)<br \/>\n<strong><span style=\"color: #c7a361;\">\u00bb<\/span> <\/strong>Lista wa\u017cnych kontakt\u00f3w, telefon\u00f3w, adres\u00f3w, stron www&#8230;<\/p>\n<pre><em>Wygl\u0105d wewn\u0119trzny planera mo\u017ce nieco si\u0119 r\u00f3\u017cni\u0107 od prezentowanego na zdj\u0119ciach, ze wzgl\u0119du na jego ewolucj\u0119 jak i potrzeby wprowadzania zmian w projekcie.\u00a0<\/em><\/pre>\n","protected":false},"excerpt":{"rendered":"<p>Planer dzienny SLIM &#8211; <strong>Niedatowany<\/strong><\/p>\n<p><strong>Format B5 (17 x 24 cm), 120 str.<\/strong><\/p>\n<p>&nbsp;<\/p>\n<table style=\"height: 319px;\" border=\"0\" width=\"707\" rules=\"rows\">\n<tbody>\n<tr>\n<td style=\"text-align: right;\" width=\"45%\"><strong><span style=\"color: #c7a361;\">\u00bb<\/span> <\/strong>Format<\/td>\n<td width=\"10%\">\u00a0\u2013<\/td>\n<td style=\"text-align: left;\" width=\"45%\"><strong>B5<\/strong> (175 x 245 mm)<\/td>\n<\/tr>\n<tr>\n<td style=\"text-align: right;\" width=\"45%\"><strong><span style=\"color: #c7a361;\">\u00bb<\/span> <\/strong>Ilo\u015b\u0107 stron<\/td>\n<td width=\"10%\">\u00a0\u2013<\/td>\n<td style=\"text-align: left;\" width=\"45%\"><strong>\u00a0120 str.<\/strong><\/td>\n<\/tr>\n<tr>\n<td style=\"text-align: right;\" width=\"45%\"><strong><span style=\"color: #c7a361;\">\u00bb<\/span> <\/strong>Ok\u0142adka<\/td>\n<td width=\"10%\">\u00a0\u2013<\/td>\n<td style=\"text-align: left;\" width=\"45%\"><strong>twarda<\/strong> bez uszlachetnie\u0144, papier recyklingowy<\/td>\n<\/tr>\n<tr>\n<td style=\"text-align: right;\" width=\"45%\"><strong><span style=\"color: #c7a361;\">\u00bb<\/span> <\/strong>Oprawa<\/td>\n<td width=\"10%\">\u00a0\u2013<\/td>\n<td style=\"text-align: left;\" width=\"45%\"><strong>czarna spirala<\/strong><\/td>\n<\/tr>\n<tr>\n<td style=\"text-align: right;\" width=\"45%\"><strong><span style=\"color: #c7a361;\">\u00bb<\/span> <\/strong>Kolor ok\u0142adki<\/td>\n<td width=\"10%\">\u00a0\u2013<\/td>\n<td style=\"text-align: left;\" width=\"45%\">naturalny<\/td>\n<\/tr>\n<tr>\n<td style=\"text-align: right;\" width=\"45%\"><strong><span style=\"color: #c7a361;\">\u00bb<\/span> <\/strong>Kolor wn\u0119trza ok\u0142adki<\/td>\n<td width=\"10%\">\u00a0\u2013<\/td>\n<td style=\"text-align: left;\" width=\"45%\">czarny<\/td>\n<\/tr>\n<tr>\n<td style=\"text-align: right;\" width=\"45%\"><strong><span style=\"color: #c7a361;\">\u00bb<\/span> <\/strong>Karty wn\u0119trza<\/td>\n<td width=\"10%\">\u00a0\u2013<\/td>\n<td style=\"text-align: left;\" width=\"45%\">bia\u0142y papier 80g<\/td>\n<\/tr>\n<tr>\n<td style=\"text-align: right;\" width=\"45%\"><strong><span style=\"color: #c7a361;\">\u00bb<\/span> <\/strong>Dodatki<strong>\u00a0<\/strong><\/td>\n<td width=\"10%\">\u00a0\u2013<\/td>\n<td style=\"text-align: left;\" width=\"45%\">\u2013 Papierowa kiesze\u0144<br \/>\n\u2013 1 zak\u0142adka<br \/>\n\u2013\u00a0 Wk\u0142adka na adresy, numery, itp.<br \/>\n\u2013 Metalowe okucia<\/td>\n<\/tr>\n<\/tbody>\n<\/table>\n","protected":false},"featured_media":337,"template":"","meta":[],"product_cat":[39],"product_tag":[18,19,20,60,62,61,64,63,23,24,58,47,46,25,26,27,28,29,30,65,31,32,37,33],"_links":{"self":[{"href":"https:\/\/planerydzienne.pl\/index.php\/wp-json\/wp\/v2\/product\/334"}],"collection":[{"href":"https:\/\/planerydzienne.pl\/index.php\/wp-json\/wp\/v2\/product"}],"about":[{"href":"https:\/\/planerydzienne.pl\/index.php\/wp-json\/wp\/v2\/types\/product"}],"wp:featuredmedia":[{"embeddable":true,"href":"https:\/\/planerydzienne.pl\/index.php\/wp-json\/wp\/v2\/media\/337"}],"wp:attachment":[{"href":"https:\/\/planerydzienne.pl\/index.php\/wp-json\/wp\/v2\/media?parent=334"}],"wp:term":[{"taxonomy":"product_cat","embeddable":true,"href":"https:\/\/planerydzienne.pl\/index.php\/wp-json\/wp\/v2\/product_cat?post=334"},{"taxonomy":"product_tag","embeddable":true,"href":"https:\/\/planerydzienne.pl\/index.php\/wp-json\/wp\/v2\/product_tag?post=334"}],"curies":[{"name":"wp","href":"https:\/\/api.w.org\/{rel}","templated":true}]}}