{"id":706,"date":"2018-10-27T09:08:40","date_gmt":"2018-10-27T09:08:40","guid":{"rendered":"https:\/\/planerydzienne.pl\/?post_type=product&#038;p=706"},"modified":"2025-12-07T20:31:01","modified_gmt":"2025-12-07T20:31:01","slug":"kalendarz-dzienny-sweet-pink-a5-wersja-bold","status":"publish","type":"product","link":"https:\/\/planerydzienne.pl\/index.php\/produkt\/kalendarz-dzienny-sweet-pink-a5-wersja-bold\/","title":{"rendered":"KALENDARZ dzienny 2025: Sweet Pink (A5) \u2013 wersja BOLD"},"content":{"rendered":"<div class=\"item item-6\">\n<div id='gallery-1' class='gallery galleryid-706 gallery-columns-6 gallery-size-medium'><figure class='gallery-item'>\n\t\t\t<div class='gallery-icon landscape'>\n\t\t\t\t<a href='https:\/\/planerydzienne.pl\/wp-content\/uploads\/2018\/10\/01-okladka-1-2.jpg'><img loading=\"lazy\" decoding=\"async\" width=\"300\" height=\"220\" src=\"https:\/\/planerydzienne.pl\/wp-content\/uploads\/2018\/10\/01-okladka-1-2-300x220.jpg\" class=\"attachment-medium size-medium\" alt=\"\" srcset=\"https:\/\/planerydzienne.pl\/wp-content\/uploads\/2018\/10\/01-okladka-1-2-300x220.jpg 300w, https:\/\/planerydzienne.pl\/wp-content\/uploads\/2018\/10\/01-okladka-1-2-768x562.jpg 768w, https:\/\/planerydzienne.pl\/wp-content\/uploads\/2018\/10\/01-okladka-1-2-600x439.jpg 600w, https:\/\/planerydzienne.pl\/wp-content\/uploads\/2018\/10\/01-okladka-1-2.jpg 1000w\" sizes=\"(max-width: 300px) 100vw, 300px\" \/><\/a>\n\t\t\t<\/div><\/figure><figure class='gallery-item'>\n\t\t\t<div class='gallery-icon landscape'>\n\t\t\t\t<a href='https:\/\/planerydzienne.pl\/wp-content\/uploads\/2022\/11\/02-pierwsza.jpg'><img loading=\"lazy\" decoding=\"async\" width=\"300\" height=\"220\" src=\"https:\/\/planerydzienne.pl\/wp-content\/uploads\/2022\/11\/02-pierwsza-300x220.jpg\" class=\"attachment-medium size-medium\" alt=\"\" srcset=\"https:\/\/planerydzienne.pl\/wp-content\/uploads\/2022\/11\/02-pierwsza-300x220.jpg 300w, https:\/\/planerydzienne.pl\/wp-content\/uploads\/2022\/11\/02-pierwsza-768x562.jpg 768w, https:\/\/planerydzienne.pl\/wp-content\/uploads\/2022\/11\/02-pierwsza-600x439.jpg 600w, https:\/\/planerydzienne.pl\/wp-content\/uploads\/2022\/11\/02-pierwsza.jpg 1000w\" sizes=\"(max-width: 300px) 100vw, 300px\" \/><\/a>\n\t\t\t<\/div><\/figure><figure class='gallery-item'>\n\t\t\t<div class='gallery-icon landscape'>\n\t\t\t\t<a href='https:\/\/planerydzienne.pl\/wp-content\/uploads\/2023\/11\/03-rok-1.jpg'><img loading=\"lazy\" decoding=\"async\" width=\"300\" height=\"220\" src=\"https:\/\/planerydzienne.pl\/wp-content\/uploads\/2023\/11\/03-rok-1-300x220.jpg\" class=\"attachment-medium size-medium\" alt=\"\" srcset=\"https:\/\/planerydzienne.pl\/wp-content\/uploads\/2023\/11\/03-rok-1-300x220.jpg 300w, https:\/\/planerydzienne.pl\/wp-content\/uploads\/2023\/11\/03-rok-1-768x562.jpg 768w, https:\/\/planerydzienne.pl\/wp-content\/uploads\/2023\/11\/03-rok-1-600x439.jpg 600w, https:\/\/planerydzienne.pl\/wp-content\/uploads\/2023\/11\/03-rok-1.jpg 1000w\" sizes=\"(max-width: 300px) 100vw, 300px\" \/><\/a>\n\t\t\t<\/div><\/figure><figure class='gallery-item'>\n\t\t\t<div class='gallery-icon landscape'>\n\t\t\t\t<a href='https:\/\/planerydzienne.pl\/wp-content\/uploads\/2022\/11\/04-sto-rzeczy.jpg'><img loading=\"lazy\" decoding=\"async\" width=\"300\" height=\"220\" src=\"https:\/\/planerydzienne.pl\/wp-content\/uploads\/2022\/11\/04-sto-rzeczy-300x220.jpg\" class=\"attachment-medium size-medium\" alt=\"\" srcset=\"https:\/\/planerydzienne.pl\/wp-content\/uploads\/2022\/11\/04-sto-rzeczy-300x220.jpg 300w, https:\/\/planerydzienne.pl\/wp-content\/uploads\/2022\/11\/04-sto-rzeczy-768x562.jpg 768w, https:\/\/planerydzienne.pl\/wp-content\/uploads\/2022\/11\/04-sto-rzeczy-600x439.jpg 600w, https:\/\/planerydzienne.pl\/wp-content\/uploads\/2022\/11\/04-sto-rzeczy.jpg 1000w\" sizes=\"(max-width: 300px) 100vw, 300px\" \/><\/a>\n\t\t\t<\/div><\/figure><figure class='gallery-item'>\n\t\t\t<div class='gallery-icon landscape'>\n\t\t\t\t<a href='https:\/\/planerydzienne.pl\/wp-content\/uploads\/2022\/11\/05-plan-urlopowy.jpg'><img loading=\"lazy\" decoding=\"async\" width=\"300\" height=\"220\" src=\"https:\/\/planerydzienne.pl\/wp-content\/uploads\/2022\/11\/05-plan-urlopowy-300x220.jpg\" class=\"attachment-medium size-medium\" alt=\"\" srcset=\"https:\/\/planerydzienne.pl\/wp-content\/uploads\/2022\/11\/05-plan-urlopowy-300x220.jpg 300w, https:\/\/planerydzienne.pl\/wp-content\/uploads\/2022\/11\/05-plan-urlopowy-768x562.jpg 768w, https:\/\/planerydzienne.pl\/wp-content\/uploads\/2022\/11\/05-plan-urlopowy-600x439.jpg 600w, https:\/\/planerydzienne.pl\/wp-content\/uploads\/2022\/11\/05-plan-urlopowy.jpg 1000w\" sizes=\"(max-width: 300px) 100vw, 300px\" \/><\/a>\n\t\t\t<\/div><\/figure><figure class='gallery-item'>\n\t\t\t<div class='gallery-icon landscape'>\n\t\t\t\t<a href='https:\/\/planerydzienne.pl\/wp-content\/uploads\/2022\/11\/07-plan-finansowy-i-misiaca-1.jpg'><img loading=\"lazy\" decoding=\"async\" width=\"300\" height=\"220\" src=\"https:\/\/planerydzienne.pl\/wp-content\/uploads\/2022\/11\/07-plan-finansowy-i-misiaca-1-300x220.jpg\" class=\"attachment-medium size-medium\" alt=\"\" srcset=\"https:\/\/planerydzienne.pl\/wp-content\/uploads\/2022\/11\/07-plan-finansowy-i-misiaca-1-300x220.jpg 300w, https:\/\/planerydzienne.pl\/wp-content\/uploads\/2022\/11\/07-plan-finansowy-i-misiaca-1-768x562.jpg 768w, https:\/\/planerydzienne.pl\/wp-content\/uploads\/2022\/11\/07-plan-finansowy-i-misiaca-1-600x439.jpg 600w, https:\/\/planerydzienne.pl\/wp-content\/uploads\/2022\/11\/07-plan-finansowy-i-misiaca-1.jpg 1000w\" sizes=\"(max-width: 300px) 100vw, 300px\" \/><\/a>\n\t\t\t<\/div><\/figure><figure class='gallery-item'>\n\t\t\t<div class='gallery-icon landscape'>\n\t\t\t\t<a href='https:\/\/planerydzienne.pl\/wp-content\/uploads\/2022\/11\/06-moje-cele.jpg'><img loading=\"lazy\" decoding=\"async\" width=\"300\" height=\"220\" src=\"https:\/\/planerydzienne.pl\/wp-content\/uploads\/2022\/11\/06-moje-cele-300x220.jpg\" class=\"attachment-medium size-medium\" alt=\"\" srcset=\"https:\/\/planerydzienne.pl\/wp-content\/uploads\/2022\/11\/06-moje-cele-300x220.jpg 300w, https:\/\/planerydzienne.pl\/wp-content\/uploads\/2022\/11\/06-moje-cele-768x562.jpg 768w, https:\/\/planerydzienne.pl\/wp-content\/uploads\/2022\/11\/06-moje-cele-600x439.jpg 600w, https:\/\/planerydzienne.pl\/wp-content\/uploads\/2022\/11\/06-moje-cele.jpg 1000w\" sizes=\"(max-width: 300px) 100vw, 300px\" \/><\/a>\n\t\t\t<\/div><\/figure><figure class='gallery-item'>\n\t\t\t<div class='gallery-icon landscape'>\n\t\t\t\t<a href='https:\/\/planerydzienne.pl\/wp-content\/uploads\/2023\/11\/08-strona-dzialowa.jpg'><img loading=\"lazy\" decoding=\"async\" width=\"300\" height=\"220\" src=\"https:\/\/planerydzienne.pl\/wp-content\/uploads\/2023\/11\/08-strona-dzialowa-300x220.jpg\" class=\"attachment-medium size-medium\" alt=\"\" srcset=\"https:\/\/planerydzienne.pl\/wp-content\/uploads\/2023\/11\/08-strona-dzialowa-300x220.jpg 300w, https:\/\/planerydzienne.pl\/wp-content\/uploads\/2023\/11\/08-strona-dzialowa-768x562.jpg 768w, https:\/\/planerydzienne.pl\/wp-content\/uploads\/2023\/11\/08-strona-dzialowa-600x439.jpg 600w, https:\/\/planerydzienne.pl\/wp-content\/uploads\/2023\/11\/08-strona-dzialowa.jpg 1000w\" sizes=\"(max-width: 300px) 100vw, 300px\" \/><\/a>\n\t\t\t<\/div><\/figure><figure class='gallery-item'>\n\t\t\t<div class='gallery-icon landscape'>\n\t\t\t\t<a href='https:\/\/planerydzienne.pl\/wp-content\/uploads\/2022\/11\/09-kalendary.jpg'><img loading=\"lazy\" decoding=\"async\" width=\"300\" height=\"220\" src=\"https:\/\/planerydzienne.pl\/wp-content\/uploads\/2022\/11\/09-kalendary-300x220.jpg\" class=\"attachment-medium size-medium\" alt=\"\" srcset=\"https:\/\/planerydzienne.pl\/wp-content\/uploads\/2022\/11\/09-kalendary-300x220.jpg 300w, https:\/\/planerydzienne.pl\/wp-content\/uploads\/2022\/11\/09-kalendary-768x562.jpg 768w, https:\/\/planerydzienne.pl\/wp-content\/uploads\/2022\/11\/09-kalendary-600x439.jpg 600w, https:\/\/planerydzienne.pl\/wp-content\/uploads\/2022\/11\/09-kalendary.jpg 1000w\" sizes=\"(max-width: 300px) 100vw, 300px\" \/><\/a>\n\t\t\t<\/div><\/figure><figure class='gallery-item'>\n\t\t\t<div class='gallery-icon landscape'>\n\t\t\t\t<a href='https:\/\/planerydzienne.pl\/wp-content\/uploads\/2022\/11\/10-notatki.jpg'><img loading=\"lazy\" decoding=\"async\" width=\"300\" height=\"220\" src=\"https:\/\/planerydzienne.pl\/wp-content\/uploads\/2022\/11\/10-notatki-300x220.jpg\" class=\"attachment-medium size-medium\" alt=\"\" srcset=\"https:\/\/planerydzienne.pl\/wp-content\/uploads\/2022\/11\/10-notatki-300x220.jpg 300w, https:\/\/planerydzienne.pl\/wp-content\/uploads\/2022\/11\/10-notatki-768x562.jpg 768w, https:\/\/planerydzienne.pl\/wp-content\/uploads\/2022\/11\/10-notatki-600x439.jpg 600w, https:\/\/planerydzienne.pl\/wp-content\/uploads\/2022\/11\/10-notatki.jpg 1000w\" sizes=\"(max-width: 300px) 100vw, 300px\" \/><\/a>\n\t\t\t<\/div><\/figure><figure class='gallery-item'>\n\t\t\t<div class='gallery-icon landscape'>\n\t\t\t\t<a href='https:\/\/planerydzienne.pl\/wp-content\/uploads\/2022\/11\/12-ostatnia.jpg'><img loading=\"lazy\" decoding=\"async\" width=\"300\" height=\"220\" src=\"https:\/\/planerydzienne.pl\/wp-content\/uploads\/2022\/11\/12-ostatnia-300x220.jpg\" class=\"attachment-medium size-medium\" alt=\"\" srcset=\"https:\/\/planerydzienne.pl\/wp-content\/uploads\/2022\/11\/12-ostatnia-300x220.jpg 300w, https:\/\/planerydzienne.pl\/wp-content\/uploads\/2022\/11\/12-ostatnia-768x562.jpg 768w, https:\/\/planerydzienne.pl\/wp-content\/uploads\/2022\/11\/12-ostatnia-600x439.jpg 600w, https:\/\/planerydzienne.pl\/wp-content\/uploads\/2022\/11\/12-ostatnia.jpg 1000w\" sizes=\"(max-width: 300px) 100vw, 300px\" \/><\/a>\n\t\t\t<\/div><\/figure><figure class='gallery-item'>\n\t\t\t<div class='gallery-icon landscape'>\n\t\t\t\t<a href='https:\/\/planerydzienne.pl\/wp-content\/uploads\/2018\/10\/11-okladka-2-2.jpg'><img loading=\"lazy\" decoding=\"async\" width=\"300\" height=\"220\" src=\"https:\/\/planerydzienne.pl\/wp-content\/uploads\/2018\/10\/11-okladka-2-2-300x220.jpg\" class=\"attachment-medium size-medium\" alt=\"\" srcset=\"https:\/\/planerydzienne.pl\/wp-content\/uploads\/2018\/10\/11-okladka-2-2-300x220.jpg 300w, https:\/\/planerydzienne.pl\/wp-content\/uploads\/2018\/10\/11-okladka-2-2-768x562.jpg 768w, https:\/\/planerydzienne.pl\/wp-content\/uploads\/2018\/10\/11-okladka-2-2-600x439.jpg 600w, https:\/\/planerydzienne.pl\/wp-content\/uploads\/2018\/10\/11-okladka-2-2.jpg 1000w\" sizes=\"(max-width: 300px) 100vw, 300px\" \/><\/a>\n\t\t\t<\/div><\/figure>\n\t\t<\/div>\n\n<\/div>\n<hr style=\"color: #c7a361;\" \/>\n<p><strong>Uniwersalne, wygodne i proste narz\u0119dzie<\/strong>, dzi\u0119ki kt\u00f3remu rozplanujemy i uporz\u0105dkujemy sobie ka\u017cdy dzie\u0144. Sam Kalendarz jest w formie wygodnego ko\u0142ozeszytu w twardej oprawie, z ok\u0142adk\u0105 zabezpieczon\u0105 foli\u0105 i metalowymi naro\u017cnikami. Zapewnia to odpowiedni\u0105 trwa\u0142o\u015b\u0107 i wygod\u0119 u\u017cytkowania.<\/p>\n<p>Kalendarz posiada r\u00f3wnie\u017c gumk\u0119, kt\u00f3ra zabezpiecza przed przypadkowym otwarciem kalendarza<\/p>\n<hr style=\"color: #c7a361;\" \/>\n<p><strong>Spis tre\u015bci<\/strong><br \/>\n<strong><span style=\"color: #c7a361;\">\u00bb<\/span> <\/strong>Strona tytu\u0142owa z miejscem na dane w\u0142a\u015bciciela<br \/>\n<strong><span style=\"color: #c7a361;\">\u00bb<\/span> <\/strong>Kalendarz na rok 2025\/26<br \/>\n<strong><span style=\"color: #c7a361;\">\u00bb<\/span> <\/strong>100 rzeczy kt\u00f3re chc\u0119 zrobi\u0107 w\u2026<br \/>\n<strong><span style=\"color: #c7a361;\">\u00bb<\/span> <\/strong>Plan urlopowy<br \/>\n<strong><span style=\"color: #c7a361;\">\u00bb<\/span> <\/strong>Moje cele<br \/>\n<strong><span style=\"color: #c7a361;\">\u00bb<\/span> <\/strong>Planner miesi\u0119czny na 12 miesi\u0119cy (12 str)<br \/>\n<strong><span style=\"color: #c7a361;\">\u00bb<\/span> <\/strong>Planner finansowy na 12 miesi\u0119cy (12 str)<br \/>\n<strong><span style=\"color: #c7a361;\">\u00bb<\/span> <\/strong>Kalendarz dzienny na 365 dni \/ sobota, niedziela na jednej stronie<br \/>\n<strong><span style=\"color: #c7a361;\">\u00bb<\/span> <\/strong>Notatki\/uwagi<\/p>\n<hr style=\"color: #c7a361;\" \/>\n","protected":false},"excerpt":{"rendered":"<p style=\"text-align: left;\">Kalendarz dzienny 2025 BOLD<\/p>\n<p><strong>Format A5 (15&#215;22 cm), 420 str.<\/strong><\/p>\n<p>Oprawa twarda, metalowa spirala<\/p>\n<p>&nbsp;<\/p>\n<table border=\"0\" width=\"707\" rules=\"rows\">\n<tbody>\n<tr>\n<td width=\"45%\"><strong><span style=\"color: #c7a361;\">\u00bb<\/span> <\/strong>Format<\/td>\n<td style=\"text-align: center;\" width=\"10%\">\u2013<\/td>\n<td width=\"45%\"><strong>A5<\/strong> (155 x 220 mm)<\/td>\n<\/tr>\n<tr>\n<td width=\"45%\"><strong><span style=\"color: #c7a361;\">\u00bb<\/span> <\/strong>Ilo\u015b\u0107 stron<\/td>\n<td style=\"text-align: center;\" width=\"10%\">\u2013<\/td>\n<td width=\"45%\"><strong>420 str.<\/strong><\/td>\n<\/tr>\n<tr>\n<td width=\"45%\"><strong><span style=\"color: #c7a361;\">\u00bb<\/span> <\/strong>Ok\u0142adka<\/td>\n<td style=\"text-align: center;\" width=\"10%\">\u2013<\/td>\n<td width=\"45%\"><strong>twarda<\/strong> pokryta foli\u0105 matow\u0105<\/td>\n<\/tr>\n<tr>\n<td width=\"45%\"><strong><span style=\"color: #c7a361;\">\u00bb<\/span> <\/strong>Oprawa<\/td>\n<td style=\"text-align: center;\" width=\"10%\">\u2013<\/td>\n<td width=\"45%\"><strong>czarna spirala<\/strong><\/td>\n<\/tr>\n<tr>\n<td width=\"45%\"><strong><span style=\"color: #c7a361;\">\u00bb<\/span> <\/strong>Kolor ok\u0142adki<\/td>\n<td style=\"text-align: center;\" width=\"10%\">\u2013<\/td>\n<td width=\"45%\">pudrowy r\u00f3\u017c<\/td>\n<\/tr>\n<tr>\n<td width=\"45%\"><strong><span style=\"color: #c7a361;\">\u00bb<\/span> <\/strong>Kolor wn\u0119trza ok\u0142adki<\/td>\n<td style=\"text-align: center;\" width=\"10%\">\u2013<\/td>\n<td width=\"45%\">czarny<\/td>\n<\/tr>\n<tr>\n<td width=\"45%\"><strong><span style=\"color: #c7a361;\">\u00bb<\/span> <\/strong>Karty wn\u0119trza<\/td>\n<td style=\"text-align: center;\" width=\"10%\">\u2013<\/td>\n<td width=\"45%\">bia\u0142y papier 80g<\/td>\n<\/tr>\n<tr>\n<td width=\"45%\"><strong><span style=\"color: #c7a361;\">\u00bb<\/span> <\/strong>Dodatki<\/td>\n<td style=\"text-align: center;\" width=\"10%\">\u2013<\/td>\n<td width=\"45%\">\u2013 Papierowa kiesze\u0144<br \/>\n\u2013 Gumka do zapinania<br \/>\n\u2013 Metalowe okucia<\/td>\n<\/tr>\n<\/tbody>\n<\/table>\n","protected":false},"featured_media":707,"template":"","meta":[],"product_cat":[74],"product_tag":[90,54,20,73,69,24,70,47,46,25,71,26,27,28,29,30,31,32,33,72,50],"_links":{"self":[{"href":"https:\/\/planerydzienne.pl\/index.php\/wp-json\/wp\/v2\/product\/706"}],"collection":[{"href":"https:\/\/planerydzienne.pl\/index.php\/wp-json\/wp\/v2\/product"}],"about":[{"href":"https:\/\/planerydzienne.pl\/index.php\/wp-json\/wp\/v2\/types\/product"}],"wp:featuredmedia":[{"embeddable":true,"href":"https:\/\/planerydzienne.pl\/index.php\/wp-json\/wp\/v2\/media\/707"}],"wp:attachment":[{"href":"https:\/\/planerydzienne.pl\/index.php\/wp-json\/wp\/v2\/media?parent=706"}],"wp:term":[{"taxonomy":"product_cat","embeddable":true,"href":"https:\/\/planerydzienne.pl\/index.php\/wp-json\/wp\/v2\/product_cat?post=706"},{"taxonomy":"product_tag","embeddable":true,"href":"https:\/\/planerydzienne.pl\/index.php\/wp-json\/wp\/v2\/product_tag?post=706"}],"curies":[{"name":"wp","href":"https:\/\/api.w.org\/{rel}","templated":true}]}}